{"id":88,"date":"2019-12-19T20:32:04","date_gmt":"2019-12-19T19:32:04","guid":{"rendered":"https:\/\/musiquestmaixent.fr\/?page_id=88"},"modified":"2022-05-09T15:09:53","modified_gmt":"2022-05-09T13:09:53","slug":"chant-individuel","status":"publish","type":"page","link":"https:\/\/musiquestmaixent.fr\/?page_id=88","title":{"rendered":"Chant individuel"},"content":{"rendered":"\n<p>Ce cours est ouvert \u00e0 tous les \u00e2ges et tous les niveaux.<\/p>\n\n\n\n<p>Dirig\u00e9 par Fanny Hary, il permet le travail de la voix au travers de diff\u00e9rents styles musicaux.<\/p>\n\n\n\n<p>Le r\u00e9pertoire est adapt\u00e9 aux envies et go\u00fbts musicaux de l&rsquo;\u00e9l\u00e8ve ainsi qu&rsquo;\u00e0 son niveau de pratique et permet de d\u00e9velopper ses capacit\u00e9s afin de lui permettre de se produire en public.<\/p>\n","protected":false},"excerpt":{"rendered":"<p>Ce cours est ouvert \u00e0 tous les \u00e2ges et tous les niveaux. Dirig\u00e9 par Fanny Hary, il permet le travail de la voix au travers de diff\u00e9rents styles musicaux. Le r\u00e9pertoire est adapt\u00e9 aux envies et go\u00fbts musicaux de l&rsquo;\u00e9l\u00e8ve ainsi qu&rsquo;\u00e0 son niveau de pratique et permet de d\u00e9velopper ses capacit\u00e9s afin de lui &hellip; <\/p>\n<p class=\"link-more\"><a href=\"https:\/\/musiquestmaixent.fr\/?page_id=88\" class=\"more-link\">Continuer la lecture<span class=\"screen-reader-text\"> de &laquo;&nbsp;Chant individuel&nbsp;&raquo;<\/span><\/a><\/p>\n","protected":false},"author":1,"featured_media":0,"parent":79,"menu_order":0,"comment_status":"closed","ping_status":"closed","template":"","meta":{"footnotes":""},"class_list":["post-88","page","type-page","status-publish","hentry"],"_links":{"self":[{"href":"https:\/\/musiquestmaixent.fr\/index.php?rest_route=\/wp\/v2\/pages\/88","targetHints":{"allow":["GET"]}}],"collection":[{"href":"https:\/\/musiquestmaixent.fr\/index.php?rest_route=\/wp\/v2\/pages"}],"about":[{"href":"https:\/\/musiquestmaixent.fr\/index.php?rest_route=\/wp\/v2\/types\/page"}],"author":[{"embeddable":true,"href":"https:\/\/musiquestmaixent.fr\/index.php?rest_route=\/wp\/v2\/users\/1"}],"replies":[{"embeddable":true,"href":"https:\/\/musiquestmaixent.fr\/index.php?rest_route=%2Fwp%2Fv2%2Fcomments&post=88"}],"version-history":[{"count":4,"href":"https:\/\/musiquestmaixent.fr\/index.php?rest_route=\/wp\/v2\/pages\/88\/revisions"}],"predecessor-version":[{"id":563,"href":"https:\/\/musiquestmaixent.fr\/index.php?rest_route=\/wp\/v2\/pages\/88\/revisions\/563"}],"up":[{"embeddable":true,"href":"https:\/\/musiquestmaixent.fr\/index.php?rest_route=\/wp\/v2\/pages\/79"}],"wp:attachment":[{"href":"https:\/\/musiquestmaixent.fr\/index.php?rest_route=%2Fwp%2Fv2%2Fmedia&parent=88"}],"curies":[{"name":"wp","href":"https:\/\/api.w.org\/{rel}","templated":true}]}}