{"id":86,"date":"2019-12-19T20:30:39","date_gmt":"2019-12-19T19:30:39","guid":{"rendered":"https:\/\/musiquestmaixent.fr\/?page_id=86"},"modified":"2020-09-03T14:51:39","modified_gmt":"2020-09-03T12:51:39","slug":"chorale","status":"publish","type":"page","link":"https:\/\/musiquestmaixent.fr\/?page_id=86","title":{"rendered":"Chorale"},"content":{"rendered":"\n<p>Cet atelier est destin\u00e9 aux enfants et dirig\u00e9 par Fanny Hary. <\/p>\n\n\n\n<p>Il permet la d\u00e9couverte et la pratique du chant choral, le travail de la voix au sein d&rsquo;une pratique collective en vue de prestations sc\u00e9niques.<\/p>\n\n\n\n<p><\/p>\n","protected":false},"excerpt":{"rendered":"<p>Cet atelier est destin\u00e9 aux enfants et dirig\u00e9 par Fanny Hary. Il permet la d\u00e9couverte et la pratique du chant choral, le travail de la voix au sein d&rsquo;une pratique collective en vue de prestations sc\u00e9niques.<\/p>\n","protected":false},"author":1,"featured_media":0,"parent":79,"menu_order":0,"comment_status":"closed","ping_status":"closed","template":"","meta":{"footnotes":""},"class_list":["post-86","page","type-page","status-publish","hentry"],"_links":{"self":[{"href":"https:\/\/musiquestmaixent.fr\/index.php?rest_route=\/wp\/v2\/pages\/86","targetHints":{"allow":["GET"]}}],"collection":[{"href":"https:\/\/musiquestmaixent.fr\/index.php?rest_route=\/wp\/v2\/pages"}],"about":[{"href":"https:\/\/musiquestmaixent.fr\/index.php?rest_route=\/wp\/v2\/types\/page"}],"author":[{"embeddable":true,"href":"https:\/\/musiquestmaixent.fr\/index.php?rest_route=\/wp\/v2\/users\/1"}],"replies":[{"embeddable":true,"href":"https:\/\/musiquestmaixent.fr\/index.php?rest_route=%2Fwp%2Fv2%2Fcomments&post=86"}],"version-history":[{"count":4,"href":"https:\/\/musiquestmaixent.fr\/index.php?rest_route=\/wp\/v2\/pages\/86\/revisions"}],"predecessor-version":[{"id":270,"href":"https:\/\/musiquestmaixent.fr\/index.php?rest_route=\/wp\/v2\/pages\/86\/revisions\/270"}],"up":[{"embeddable":true,"href":"https:\/\/musiquestmaixent.fr\/index.php?rest_route=\/wp\/v2\/pages\/79"}],"wp:attachment":[{"href":"https:\/\/musiquestmaixent.fr\/index.php?rest_route=%2Fwp%2Fv2%2Fmedia&parent=86"}],"curies":[{"name":"wp","href":"https:\/\/api.w.org\/{rel}","templated":true}]}}