{"id":530,"date":"2022-05-03T16:42:23","date_gmt":"2022-05-03T14:42:23","guid":{"rendered":"https:\/\/musiquestmaixent.fr\/?page_id=530"},"modified":"2022-05-09T16:52:05","modified_gmt":"2022-05-09T14:52:05","slug":"evenements-2","status":"publish","type":"page","link":"https:\/\/musiquestmaixent.fr\/?page_id=530","title":{"rendered":"\u00c9v\u00e8nements"},"content":{"rendered":"\n<p><strong>Printemps Musical 2022 &#8211; Semaine du 11 au 15 avril<\/strong><\/p>\n\n\n\n<p>Une semaine de partage chaque soir au sein de l\u2019\u00e9cole de musique o\u00f9 les \u00e9l\u00e8ves sont venus nous faire d\u00e9couvrir leur investissement dans l\u2019univers musical, \u00e0 travers leur cours de chant, de piano, de guitare, de batterie ou encore de violon, accompagn\u00e9s de leurs professeurs de musique. Le tout devant un petit groupe de spectateurs familial, venus admir\u00e9s ces jeunes pleins d\u2019ambitions.<\/p>\n","protected":false},"excerpt":{"rendered":"<p>Printemps Musical 2022 &#8211; Semaine du 11 au 15 avril Une semaine de partage chaque soir au sein de l\u2019\u00e9cole de musique o\u00f9 les \u00e9l\u00e8ves sont venus nous faire d\u00e9couvrir leur investissement dans l\u2019univers musical, \u00e0 travers leur cours de chant, de piano, de guitare, de batterie ou encore de violon, accompagn\u00e9s de leurs professeurs &hellip; <\/p>\n<p class=\"link-more\"><a href=\"https:\/\/musiquestmaixent.fr\/?page_id=530\" class=\"more-link\">Continuer la lecture<span class=\"screen-reader-text\"> de &laquo;&nbsp;\u00c9v\u00e8nements&nbsp;&raquo;<\/span><\/a><\/p>\n","protected":false},"author":15,"featured_media":0,"parent":125,"menu_order":0,"comment_status":"closed","ping_status":"closed","template":"","meta":{"footnotes":""},"class_list":["post-530","page","type-page","status-publish","hentry"],"_links":{"self":[{"href":"https:\/\/musiquestmaixent.fr\/index.php?rest_route=\/wp\/v2\/pages\/530","targetHints":{"allow":["GET"]}}],"collection":[{"href":"https:\/\/musiquestmaixent.fr\/index.php?rest_route=\/wp\/v2\/pages"}],"about":[{"href":"https:\/\/musiquestmaixent.fr\/index.php?rest_route=\/wp\/v2\/types\/page"}],"author":[{"embeddable":true,"href":"https:\/\/musiquestmaixent.fr\/index.php?rest_route=\/wp\/v2\/users\/15"}],"replies":[{"embeddable":true,"href":"https:\/\/musiquestmaixent.fr\/index.php?rest_route=%2Fwp%2Fv2%2Fcomments&post=530"}],"version-history":[{"count":1,"href":"https:\/\/musiquestmaixent.fr\/index.php?rest_route=\/wp\/v2\/pages\/530\/revisions"}],"predecessor-version":[{"id":531,"href":"https:\/\/musiquestmaixent.fr\/index.php?rest_route=\/wp\/v2\/pages\/530\/revisions\/531"}],"up":[{"embeddable":true,"href":"https:\/\/musiquestmaixent.fr\/index.php?rest_route=\/wp\/v2\/pages\/125"}],"wp:attachment":[{"href":"https:\/\/musiquestmaixent.fr\/index.php?rest_route=%2Fwp%2Fv2%2Fmedia&parent=530"}],"curies":[{"name":"wp","href":"https:\/\/api.w.org\/{rel}","templated":true}]}}