{"id":221,"date":"2020-06-19T15:14:43","date_gmt":"2020-06-19T13:14:43","guid":{"rendered":"https:\/\/musiquestmaixent.fr\/?page_id=221"},"modified":"2020-08-19T14:10:17","modified_gmt":"2020-08-19T12:10:17","slug":"fm-2","status":"publish","type":"page","link":"https:\/\/musiquestmaixent.fr\/?page_id=221","title":{"rendered":"FM 2"},"content":{"rendered":"\n<p>Ce cours est destin\u00e9 aux \u00e9l\u00e8ves de primaire ayant d\u00e9j\u00e0 eu des notions de Formation Musicale.<\/p>\n\n\n\n<p>Il permet l&rsquo;approfondissement des notions th\u00e9oriques, lecture de notes, rythme, harmonie en lien avec la pratique instrumentale.<\/p>\n\n\n\n<p>Il permet \u00e9galement la mise en pratique des notions abord\u00e9es au sein d&rsquo;ensemble vocal ou instrumental.<\/p>\n","protected":false},"excerpt":{"rendered":"<p>Ce cours est destin\u00e9 aux \u00e9l\u00e8ves de primaire ayant d\u00e9j\u00e0 eu des notions de Formation Musicale. Il permet l&rsquo;approfondissement des notions th\u00e9oriques, lecture de notes, rythme, harmonie en lien avec la pratique instrumentale. Il permet \u00e9galement la mise en pratique des notions abord\u00e9es au sein d&rsquo;ensemble vocal ou instrumental.<\/p>\n","protected":false},"author":1,"featured_media":0,"parent":0,"menu_order":0,"comment_status":"closed","ping_status":"closed","template":"","meta":{"footnotes":""},"class_list":["post-221","page","type-page","status-publish","hentry"],"_links":{"self":[{"href":"https:\/\/musiquestmaixent.fr\/index.php?rest_route=\/wp\/v2\/pages\/221","targetHints":{"allow":["GET"]}}],"collection":[{"href":"https:\/\/musiquestmaixent.fr\/index.php?rest_route=\/wp\/v2\/pages"}],"about":[{"href":"https:\/\/musiquestmaixent.fr\/index.php?rest_route=\/wp\/v2\/types\/page"}],"author":[{"embeddable":true,"href":"https:\/\/musiquestmaixent.fr\/index.php?rest_route=\/wp\/v2\/users\/1"}],"replies":[{"embeddable":true,"href":"https:\/\/musiquestmaixent.fr\/index.php?rest_route=%2Fwp%2Fv2%2Fcomments&post=221"}],"version-history":[{"count":2,"href":"https:\/\/musiquestmaixent.fr\/index.php?rest_route=\/wp\/v2\/pages\/221\/revisions"}],"predecessor-version":[{"id":237,"href":"https:\/\/musiquestmaixent.fr\/index.php?rest_route=\/wp\/v2\/pages\/221\/revisions\/237"}],"wp:attachment":[{"href":"https:\/\/musiquestmaixent.fr\/index.php?rest_route=%2Fwp%2Fv2%2Fmedia&parent=221"}],"curies":[{"name":"wp","href":"https:\/\/api.w.org\/{rel}","templated":true}]}}