{"id":217,"date":"2020-06-19T15:14:06","date_gmt":"2020-06-19T13:14:06","guid":{"rendered":"https:\/\/musiquestmaixent.fr\/?page_id=217"},"modified":"2020-08-19T14:19:01","modified_gmt":"2020-08-19T12:19:01","slug":"fm-ado","status":"publish","type":"page","link":"https:\/\/musiquestmaixent.fr\/?page_id=217","title":{"rendered":"FM Ado"},"content":{"rendered":"\n<p>Ce cours est destin\u00e9 aux \u00e9l\u00e8ves \u00e0 partir du coll\u00e8ge.<\/p>\n\n\n\n<p>Ce cours permet de d\u00e9couvrir ou d&rsquo;approfondir les notions musicales essentielles en lien avec la pratique instrumentale telles que la lecture de notes, de rythmes, l&rsquo;harmonie pour permettre de d\u00e9velopper l&rsquo;autonomie et la compr\u00e9hension de la musique.<\/p>\n\n\n\n<p>Il permet \u00e9galement la mise en pratique de ces notions au sein d&rsquo;un ensemble, vocal ou instrumental, et d&rsquo;un r\u00e9pertoire adapt\u00e9 aux int\u00e9r\u00eats des \u00e9l\u00e8ves.<\/p>\n","protected":false},"excerpt":{"rendered":"<p>Ce cours est destin\u00e9 aux \u00e9l\u00e8ves \u00e0 partir du coll\u00e8ge. Ce cours permet de d\u00e9couvrir ou d&rsquo;approfondir les notions musicales essentielles en lien avec la pratique instrumentale telles que la lecture de notes, de rythmes, l&rsquo;harmonie pour permettre de d\u00e9velopper l&rsquo;autonomie et la compr\u00e9hension de la musique. Il permet \u00e9galement la mise en pratique de &hellip; <\/p>\n<p class=\"link-more\"><a href=\"https:\/\/musiquestmaixent.fr\/?page_id=217\" class=\"more-link\">Continuer la lecture<span class=\"screen-reader-text\"> de &laquo;&nbsp;FM Ado&nbsp;&raquo;<\/span><\/a><\/p>\n","protected":false},"author":1,"featured_media":0,"parent":0,"menu_order":0,"comment_status":"closed","ping_status":"closed","template":"","meta":{"footnotes":""},"class_list":["post-217","page","type-page","status-publish","hentry"],"_links":{"self":[{"href":"https:\/\/musiquestmaixent.fr\/index.php?rest_route=\/wp\/v2\/pages\/217","targetHints":{"allow":["GET"]}}],"collection":[{"href":"https:\/\/musiquestmaixent.fr\/index.php?rest_route=\/wp\/v2\/pages"}],"about":[{"href":"https:\/\/musiquestmaixent.fr\/index.php?rest_route=\/wp\/v2\/types\/page"}],"author":[{"embeddable":true,"href":"https:\/\/musiquestmaixent.fr\/index.php?rest_route=\/wp\/v2\/users\/1"}],"replies":[{"embeddable":true,"href":"https:\/\/musiquestmaixent.fr\/index.php?rest_route=%2Fwp%2Fv2%2Fcomments&post=217"}],"version-history":[{"count":3,"href":"https:\/\/musiquestmaixent.fr\/index.php?rest_route=\/wp\/v2\/pages\/217\/revisions"}],"predecessor-version":[{"id":239,"href":"https:\/\/musiquestmaixent.fr\/index.php?rest_route=\/wp\/v2\/pages\/217\/revisions\/239"}],"wp:attachment":[{"href":"https:\/\/musiquestmaixent.fr\/index.php?rest_route=%2Fwp%2Fv2%2Fmedia&parent=217"}],"curies":[{"name":"wp","href":"https:\/\/api.w.org\/{rel}","templated":true}]}}