{"id":189,"date":"2020-06-19T14:27:14","date_gmt":"2020-06-19T12:27:14","guid":{"rendered":"https:\/\/musiquestmaixent.fr\/?page_id=189"},"modified":"2020-08-19T13:55:55","modified_gmt":"2020-08-19T11:55:55","slug":"chorale-au-fil-du-chant","status":"publish","type":"page","link":"https:\/\/musiquestmaixent.fr\/?page_id=189","title":{"rendered":"Chorale \u00ab\u00a0Au fil du chant\u00a0\u00bb"},"content":{"rendered":"\n<p>L&rsquo;association \u00ab\u00a0Au fil du chant\u00a0\u00bb rejoint l&rsquo;\u00e9cole de musique de Saint Maixent. <\/p>\n\n\n\n<p>Dirig\u00e9e par Fanny Hary, cet atelier propose une activit\u00e9 chorale pour adulte \u00e0 quatre voix permettant la d\u00e9couverte d&rsquo;un nouveau r\u00e9pertoire, le travail de la voix en collectif et des prestations sc\u00e9niques.<\/p>\n","protected":false},"excerpt":{"rendered":"<p>L&rsquo;association \u00ab\u00a0Au fil du chant\u00a0\u00bb rejoint l&rsquo;\u00e9cole de musique de Saint Maixent. Dirig\u00e9e par Fanny Hary, cet atelier propose une activit\u00e9 chorale pour adulte \u00e0 quatre voix permettant la d\u00e9couverte d&rsquo;un nouveau r\u00e9pertoire, le travail de la voix en collectif et des prestations sc\u00e9niques.<\/p>\n","protected":false},"author":1,"featured_media":0,"parent":182,"menu_order":0,"comment_status":"closed","ping_status":"closed","template":"","meta":{"footnotes":""},"class_list":["post-189","page","type-page","status-publish","hentry"],"_links":{"self":[{"href":"https:\/\/musiquestmaixent.fr\/index.php?rest_route=\/wp\/v2\/pages\/189","targetHints":{"allow":["GET"]}}],"collection":[{"href":"https:\/\/musiquestmaixent.fr\/index.php?rest_route=\/wp\/v2\/pages"}],"about":[{"href":"https:\/\/musiquestmaixent.fr\/index.php?rest_route=\/wp\/v2\/types\/page"}],"author":[{"embeddable":true,"href":"https:\/\/musiquestmaixent.fr\/index.php?rest_route=\/wp\/v2\/users\/1"}],"replies":[{"embeddable":true,"href":"https:\/\/musiquestmaixent.fr\/index.php?rest_route=%2Fwp%2Fv2%2Fcomments&post=189"}],"version-history":[{"count":3,"href":"https:\/\/musiquestmaixent.fr\/index.php?rest_route=\/wp\/v2\/pages\/189\/revisions"}],"predecessor-version":[{"id":234,"href":"https:\/\/musiquestmaixent.fr\/index.php?rest_route=\/wp\/v2\/pages\/189\/revisions\/234"}],"up":[{"embeddable":true,"href":"https:\/\/musiquestmaixent.fr\/index.php?rest_route=\/wp\/v2\/pages\/182"}],"wp:attachment":[{"href":"https:\/\/musiquestmaixent.fr\/index.php?rest_route=%2Fwp%2Fv2%2Fmedia&parent=189"}],"curies":[{"name":"wp","href":"https:\/\/api.w.org\/{rel}","templated":true}]}}