{"id":171,"date":"2020-02-03T20:35:00","date_gmt":"2020-02-03T19:35:00","guid":{"rendered":"https:\/\/musiquestmaixent.fr\/?page_id=171"},"modified":"2026-03-27T15:39:22","modified_gmt":"2026-03-27T14:39:22","slug":"tarif","status":"publish","type":"page","link":"https:\/\/musiquestmaixent.fr\/?page_id=171","title":{"rendered":"Tarifs"},"content":{"rendered":"\n<p>Les tarifs sont vot\u00e9s \u00e0 chaque Assembl\u00e9e G\u00e9n\u00e9rale et d\u00e9finis en fonction des charges (salaires des professeurs, charges de fonctionnement, etc) et des sommes apport\u00e9es par les subventions. <\/p>\n\n\n\n<p>Frais d&rsquo;adh\u00e9sion&nbsp;: 40 \u20ac (Offerts \u00e0 partir de la 2\u00e8me inscription pour une m\u00eame famille)<\/p>\n\n\n\n<figure class=\"wp-block-table is-style-regular\"><table class=\"has-text-color\" style=\"color:#2e345a\"><tbody><tr><td class=\"has-text-align-center\" data-align=\"center\"><strong>&nbsp;<\/strong><\/td><td class=\"has-text-align-center\" data-align=\"center\"><strong>Tarif r\u00e9sident <br>Saint-Maixent-l&rsquo;Ecole<\/strong><\/td><td class=\"has-text-align-center\" data-align=\"center\"><strong>Plein tarif<\/strong><\/td><\/tr><tr><td class=\"has-text-align-center\" data-align=\"center\"><strong>COURS INDIVIDUELS <\/strong><\/td><td class=\"has-text-align-center\" data-align=\"center\"><\/td><td class=\"has-text-align-center\" data-align=\"center\"><\/td><\/tr><tr><td class=\"has-text-align-center\" data-align=\"center\"><strong>AVEC formation musicale<\/strong>&nbsp;<\/td><\/tr><tr><td class=\"has-text-align-center\" data-align=\"center\">Instrument\/chant   <em>30 min<\/em><\/td><td class=\"has-text-align-center\" data-align=\"center\"><strong>600 \u20ac <\/strong><\/td><td class=\"has-text-align-center\" data-align=\"center\"><strong>720 \u20ac<\/strong><\/td><\/tr><tr><td class=\"has-text-align-center\" data-align=\"center\">Instrument\/chant   <em>45 min<\/em><\/td><td class=\"has-text-align-center\" data-align=\"center\"><strong>750 \u20ac<\/strong><\/td><td class=\"has-text-align-center\" data-align=\"center\"><strong>950\u20ac<\/strong><\/td><\/tr><tr><td class=\"has-text-align-center\" data-align=\"center\">Instrument\/chant   <em>60 min<\/em><\/td><td class=\"has-text-align-center\" data-align=\"center\"><strong>975 \u20ac<\/strong><\/td><td class=\"has-text-align-center\" data-align=\"center\"><strong>1 185 \u20ac<\/strong><\/td><\/tr><tr><td class=\"has-text-align-center\" data-align=\"center\"><strong>SANS formation musicale <\/strong><br>(niveau de solf\u00e8ge confirm\u00e9 )<\/td><\/tr><tr><td class=\"has-text-align-center\" data-align=\"center\">Instrument\/chant   <em>30 min<\/em><\/td><td class=\"has-text-align-center\" data-align=\"center\"><strong>525 \u20ac<\/strong><\/td><td class=\"has-text-align-center\" data-align=\"center\"><strong>630 \u20ac<\/strong><\/td><\/tr><tr><td class=\"has-text-align-center\" data-align=\"center\">Instrument\/chant   <em>45 min<\/em><\/td><td class=\"has-text-align-center\" data-align=\"center\"><strong>720 \u20ac<\/strong><\/td><td class=\"has-text-align-center\" data-align=\"center\"><strong>900 \u20ac<\/strong><\/td><\/tr><tr><td class=\"has-text-align-center\" data-align=\"center\">Instrument\/chant   <em>60 min<\/em><\/td><td class=\"has-text-align-center\" data-align=\"center\"><strong>960 \u20ac<\/strong><\/td><td class=\"has-text-align-center\" data-align=\"center\"><strong>1 145 \u20ac<\/strong><\/td><\/tr><tr><td class=\"has-text-align-center\" data-align=\"center\"><strong>COURS COLLECTIFS &nbsp;<\/strong> <\/td><\/tr><tr><td class=\"has-text-align-center\" data-align=\"center\">FORMATION MUSICALE <em>1h *<\/em><\/td><td class=\"has-text-align-center\" data-align=\"center\"><strong>220 \u20ac<\/strong><\/td><td class=\"has-text-align-center\" data-align=\"center\"><strong>240\u20ac<\/strong><\/td><\/tr><tr><td class=\"has-text-align-center\" data-align=\"center\">\u00c9VEIL  <em>45 min<\/em> * <\/td><td class=\"has-text-align-center\" data-align=\"center\"><strong>200 \u20ac<\/strong><\/td><td class=\"has-text-align-center\" data-align=\"center\"><strong>220 \u20ac<\/strong><\/td><\/tr><tr><td class=\"has-text-align-center\" data-align=\"center\">ATELIERS D&rsquo;ENSEMBLE   <em>1 h<\/em> *<br><br>Musiques Actuelles <br>Orchestre Adultes<br><br>El\u00e8ves d\u00e9j\u00e0 inscrits sur une autre activit\u00e9 <\/td><td class=\"has-text-align-center\" data-align=\"center\"><br><br><strong>220 \u20ac<\/strong> <br><strong>220 \u20ac<\/strong> <br><br><strong>110 \u20ac<\/strong><\/td><td class=\"has-text-align-center\" data-align=\"center\"><br><br><strong>240 \u20ac<\/strong> <br><strong>240 \u20ac <\/strong><br><br><strong>120 \u20ac<\/strong><\/td><\/tr><tr><td class=\"has-text-align-center\" data-align=\"center\">Chorale Adultes \u00ab\u00a0AU FIL DU CHANT\u00a0\u00bb<br>A partir de 30 personnes <\/td><td class=\"has-text-align-center\" data-align=\"center\"><strong>80 \u20ac<\/strong><\/td><td class=\"has-text-align-center\" data-align=\"center\"><strong>90 \u20ac<\/strong><\/td><\/tr><\/tbody><\/table><figcaption class=\"wp-element-caption\">Frais d&rsquo;adh\u00e9sion\u00a0: 40 \u20ac , 10 \u20ac par personne suppl\u00e9mentaire de la m\u00eame famille<\/figcaption><\/figure>\n","protected":false},"excerpt":{"rendered":"<p>Les tarifs sont vot\u00e9s \u00e0 chaque Assembl\u00e9e G\u00e9n\u00e9rale et d\u00e9finis en fonction des charges (salaires des professeurs, charges de fonctionnement, etc) et des sommes apport\u00e9es par les subventions. Frais d&rsquo;adh\u00e9sion&nbsp;: 40 \u20ac (Offerts \u00e0 partir de la 2\u00e8me inscription pour une m\u00eame famille) &nbsp; Tarif r\u00e9sident Saint-Maixent-l&rsquo;Ecole Plein tarif COURS INDIVIDUELS AVEC formation musicale&nbsp; Instrument\/chant &hellip; <\/p>\n<p class=\"link-more\"><a href=\"https:\/\/musiquestmaixent.fr\/?page_id=171\" class=\"more-link\">Continuer la lecture<span class=\"screen-reader-text\"> de &laquo;&nbsp;Tarifs&nbsp;&raquo;<\/span><\/a><\/p>\n","protected":false},"author":1,"featured_media":0,"parent":0,"menu_order":0,"comment_status":"closed","ping_status":"closed","template":"","meta":{"footnotes":""},"class_list":["post-171","page","type-page","status-publish","hentry"],"_links":{"self":[{"href":"https:\/\/musiquestmaixent.fr\/index.php?rest_route=\/wp\/v2\/pages\/171","targetHints":{"allow":["GET"]}}],"collection":[{"href":"https:\/\/musiquestmaixent.fr\/index.php?rest_route=\/wp\/v2\/pages"}],"about":[{"href":"https:\/\/musiquestmaixent.fr\/index.php?rest_route=\/wp\/v2\/types\/page"}],"author":[{"embeddable":true,"href":"https:\/\/musiquestmaixent.fr\/index.php?rest_route=\/wp\/v2\/users\/1"}],"replies":[{"embeddable":true,"href":"https:\/\/musiquestmaixent.fr\/index.php?rest_route=%2Fwp%2Fv2%2Fcomments&post=171"}],"version-history":[{"count":17,"href":"https:\/\/musiquestmaixent.fr\/index.php?rest_route=\/wp\/v2\/pages\/171\/revisions"}],"predecessor-version":[{"id":689,"href":"https:\/\/musiquestmaixent.fr\/index.php?rest_route=\/wp\/v2\/pages\/171\/revisions\/689"}],"wp:attachment":[{"href":"https:\/\/musiquestmaixent.fr\/index.php?rest_route=%2Fwp%2Fv2%2Fmedia&parent=171"}],"curies":[{"name":"wp","href":"https:\/\/api.w.org\/{rel}","templated":true}]}}