{"id":17,"date":"2019-12-14T19:04:23","date_gmt":"2019-12-14T18:04:23","guid":{"rendered":"https:\/\/musiquestmaixent.fr\/?page_id=17"},"modified":"2026-03-27T15:49:16","modified_gmt":"2026-03-27T14:49:16","slug":"accueil","status":"publish","type":"page","link":"https:\/\/musiquestmaixent.fr\/","title":{"rendered":"Accueil"},"content":{"rendered":"\n<div class=\"wp-block-group\"><div class=\"wp-block-group__inner-container is-layout-flow wp-block-group-is-layout-flow\">\n<p><\/p>\n\n\n\n<div class=\"wp-block-group\"><div class=\"wp-block-group__inner-container is-layout-flow wp-block-group-is-layout-flow\">\n<p class=\"has-text-align-right has-text-color\" style=\"color:#2e345a\"><strong>Soyez les bienvenus&nbsp;sur le site de l&rsquo;\u00e9cole de musique&nbsp;de Saint-Maixent-l&rsquo;\u00c9cole !<\/strong><\/p>\n<\/div><\/div>\n\n\n\n<p class=\"has-text-align-right\">(Association loi 1901)<\/p>\n<\/div><\/div>\n\n\n\n<h3 class=\"wp-block-heading has-text-color\" style=\"color:#2e345a\"><em>Quelques informations utiles<\/em><\/h3>\n\n\n\n<p class=\"has-text-color\" style=\"color:#2e345a\">L\u2019\u00e9cole de musique propose des cours de musique pour tous les \u00e2ges, et tous les niveaux pour un grand nombre d&rsquo;instruments :\u00a0<br>Guitare, basse, piano, violon, batterie, chant,\u00a0\u00e9veil musical pour les enfants de 3 \u00e0 6 ans,\u00a0chorale adultes (r\u00e9pertoire vari\u00e9).<\/p>\n\n\n\n<p class=\"has-text-color\" style=\"color:#2e345a\">Le guide pratique de l&rsquo;\u00e9cole de musique de Saint Maixent l&rsquo;\u00c9cole est t\u00e9l\u00e9chargeable&nbsp;<a href=\"https:\/\/musiquestmaixent.fr\/wp-content\/uploads\/2022\/05\/Guide-pratique-2021-2022.pdf\" data-type=\"URL\" data-id=\"https:\/\/musiquestmaixent.fr\/wp-content\/uploads\/2022\/05\/Guide-pratique-2021-2022.pdf\"><strong>ici<\/strong><\/a>.<br>Il vous permet d&rsquo;avoir les informations indispensables pour bien vivre votre ann\u00e9e musicale.<\/p>\n\n\n\n<hr class=\"wp-block-separator has-css-opacity\"\/>\n\n\n\n<p class=\"has-text-color\" style=\"color:#2e345a\">Vous avez des questions, une demande particuli\u00e8re ?&nbsp;<br>Vous pouvez utiliser le&nbsp;<a href=\"https:\/\/musiquestmaixent.fr\/?page_id=19\" data-type=\"URL\" data-id=\"https:\/\/musiquestmaixent.fr\/?page_id=19\"><strong><em>formulaire de contact<\/em><\/strong><\/a><\/p>\n\n\n\n<hr class=\"wp-block-separator has-css-opacity\"\/>\n","protected":false},"excerpt":{"rendered":"<p>Soyez les bienvenus&nbsp;sur le site de l&rsquo;\u00e9cole de musique&nbsp;de Saint-Maixent-l&rsquo;\u00c9cole ! (Association loi 1901) Quelques informations utiles L\u2019\u00e9cole de musique propose des cours de musique pour tous les \u00e2ges, et tous les niveaux pour un grand nombre d&rsquo;instruments :\u00a0Guitare, basse, piano, violon, batterie, chant,\u00a0\u00e9veil musical pour les enfants de 3 \u00e0 6 ans,\u00a0chorale adultes (r\u00e9pertoire &hellip; <\/p>\n<p class=\"link-more\"><a href=\"https:\/\/musiquestmaixent.fr\/\" class=\"more-link\">Continuer la lecture<span class=\"screen-reader-text\"> de &laquo;&nbsp;Accueil&nbsp;&raquo;<\/span><\/a><\/p>\n","protected":false},"author":1,"featured_media":0,"parent":0,"menu_order":0,"comment_status":"closed","ping_status":"closed","template":"","meta":{"footnotes":""},"class_list":["post-17","page","type-page","status-publish","hentry"],"_links":{"self":[{"href":"https:\/\/musiquestmaixent.fr\/index.php?rest_route=\/wp\/v2\/pages\/17","targetHints":{"allow":["GET"]}}],"collection":[{"href":"https:\/\/musiquestmaixent.fr\/index.php?rest_route=\/wp\/v2\/pages"}],"about":[{"href":"https:\/\/musiquestmaixent.fr\/index.php?rest_route=\/wp\/v2\/types\/page"}],"author":[{"embeddable":true,"href":"https:\/\/musiquestmaixent.fr\/index.php?rest_route=\/wp\/v2\/users\/1"}],"replies":[{"embeddable":true,"href":"https:\/\/musiquestmaixent.fr\/index.php?rest_route=%2Fwp%2Fv2%2Fcomments&post=17"}],"version-history":[{"count":37,"href":"https:\/\/musiquestmaixent.fr\/index.php?rest_route=\/wp\/v2\/pages\/17\/revisions"}],"predecessor-version":[{"id":693,"href":"https:\/\/musiquestmaixent.fr\/index.php?rest_route=\/wp\/v2\/pages\/17\/revisions\/693"}],"wp:attachment":[{"href":"https:\/\/musiquestmaixent.fr\/index.php?rest_route=%2Fwp%2Fv2%2Fmedia&parent=17"}],"curies":[{"name":"wp","href":"https:\/\/api.w.org\/{rel}","templated":true}]}}