{"id":118,"date":"2019-12-19T20:58:21","date_gmt":"2019-12-19T19:58:21","guid":{"rendered":"https:\/\/musiquestmaixent.fr\/?page_id=118"},"modified":"2022-05-02T14:27:40","modified_gmt":"2022-05-02T12:27:40","slug":"lassociation","status":"publish","type":"page","link":"https:\/\/musiquestmaixent.fr\/?page_id=118","title":{"rendered":"L&rsquo;association"},"content":{"rendered":"\n<p>L\u2019\u00e9cole de musique de Saint Maixent l\u2019\u00c9cole se propose de d\u00e9velopper chez les jeunes et les personnes int\u00e9ress\u00e9es le go\u00fbt de la musique par la formation musicale, la pratique d\u2019un instrument, de les initier \u00e0 la musique d\u2019ensemble et au chant choral.<\/p>\n\n\n\n<p><a href=\"https:\/\/musiquestmaixent.fr\/?page_id=131\" data-type=\"URL\" data-id=\"https:\/\/musiquestmaixent.fr\/?page_id=131\">Le bureau.<\/a><\/p>\n\n\n\n<p><\/p>\n","protected":false},"excerpt":{"rendered":"<p>L\u2019\u00e9cole de musique de Saint Maixent l\u2019\u00c9cole se propose de d\u00e9velopper chez les jeunes et les personnes int\u00e9ress\u00e9es le go\u00fbt de la musique par la formation musicale, la pratique d\u2019un instrument, de les initier \u00e0 la musique d\u2019ensemble et au chant choral. Le bureau.<\/p>\n","protected":false},"author":1,"featured_media":0,"parent":0,"menu_order":0,"comment_status":"closed","ping_status":"closed","template":"","meta":{"footnotes":""},"class_list":["post-118","page","type-page","status-publish","hentry"],"_links":{"self":[{"href":"https:\/\/musiquestmaixent.fr\/index.php?rest_route=\/wp\/v2\/pages\/118","targetHints":{"allow":["GET"]}}],"collection":[{"href":"https:\/\/musiquestmaixent.fr\/index.php?rest_route=\/wp\/v2\/pages"}],"about":[{"href":"https:\/\/musiquestmaixent.fr\/index.php?rest_route=\/wp\/v2\/types\/page"}],"author":[{"embeddable":true,"href":"https:\/\/musiquestmaixent.fr\/index.php?rest_route=\/wp\/v2\/users\/1"}],"replies":[{"embeddable":true,"href":"https:\/\/musiquestmaixent.fr\/index.php?rest_route=%2Fwp%2Fv2%2Fcomments&post=118"}],"version-history":[{"count":4,"href":"https:\/\/musiquestmaixent.fr\/index.php?rest_route=\/wp\/v2\/pages\/118\/revisions"}],"predecessor-version":[{"id":507,"href":"https:\/\/musiquestmaixent.fr\/index.php?rest_route=\/wp\/v2\/pages\/118\/revisions\/507"}],"wp:attachment":[{"href":"https:\/\/musiquestmaixent.fr\/index.php?rest_route=%2Fwp%2Fv2%2Fmedia&parent=118"}],"curies":[{"name":"wp","href":"https:\/\/api.w.org\/{rel}","templated":true}]}}